{"id":72,"date":"2019-03-26T09:37:13","date_gmt":"2019-03-26T07:37:13","guid":{"rendered":"http:\/\/tabereurbane.ro\/?page_id=72"},"modified":"2024-02-27T14:02:20","modified_gmt":"2024-02-27T12:02:20","slug":"contact","status":"publish","type":"page","link":"https:\/\/tabereurbane.ro\/despre-tabere-urbane-solidus\/contact\/","title":{"rendered":"Contact"},"content":{"rendered":"<p style=\"text-align: justify;\"><strong>ASOCIA\u021aIA PENTRU EDUCA\u021aIE \u0218I CULTUR\u0102 ADLITTERA (A.E.C.A.)<br \/>\n<\/strong>are sediul \u00een\u00a0Bucure\u0219ti, sector 1, Cod 012092, Str. Av. Popi\u0219teanu nr. 3, bl. 2, sc. 1, et. 5, ap. 22.<\/p>\n<p style=\"text-align: justify;\">Codul de identificare fiscal\u0103,\u00a0<strong>CIF: 38455212<br \/>\n<\/strong>\u00cenregistrat\u0103 \u00een Registrul Funda\u021biilor \u0219i Asocia\u021biilor,\u00a0<strong>Dosar RFA Nr.: 24721\/ 299\/ 2017<br \/>\n<\/strong>\u00cenregistrat\u0103 \u00een Registrul Unit\u0103\u021bilor de Cult,<strong>\u00a0Dosar RUC Nr.: 266538804.<\/strong><\/p>\n<hr \/>\n<p style=\"text-align: justify;\">IBAN RON Dona\u021bii \u0219i Sponsoriz\u0103ri: <strong>RO49 INGB 0000 9999 0760 5702<br \/>\n<\/strong>IBAN RON Activit\u0103\u021bi economice pentru autonomie financiar\u0103: <strong>RO82 INGB 0000 9999 0760 5690<br \/>\n<\/strong>conturi deschise la ING BANK.<\/p>\n<hr \/>\n<p style=\"text-align: justify;\"><strong>Tabere Urbane Solidus, oric\u00e2nd, \u00een Bucure\u0219ti.<br \/>\n<\/strong><\/p>\n<p style=\"text-align: justify;\">Te rug\u0103m s\u0103 completezi formularul de mai jos. Vom\u00a0r\u0103spunde rapid solicit\u0103rii!<\/p>\n<hr \/>\n<p style=\"text-align: justify;\">\n<div class=\"wpcf7 no-js\" id=\"wpcf7-f211-o1\" lang=\"ro-RO\" dir=\"ltr\">\n<div class=\"screen-reader-response\"><p role=\"status\" aria-live=\"polite\" aria-atomic=\"true\"><\/p> <ul><\/ul><\/div>\n<form action=\"\/despre-tabere-urbane-solidus\/wp-json\/wp\/v2\/pages\/72#wpcf7-f211-o1\" method=\"post\" class=\"wpcf7-form init\" aria-label=\"Formular de contact\" novalidate=\"novalidate\" data-status=\"init\">\n<div style=\"display: none;\">\n<input type=\"hidden\" name=\"_wpcf7\" value=\"211\" \/>\n<input type=\"hidden\" name=\"_wpcf7_version\" value=\"5.7.7\" \/>\n<input type=\"hidden\" name=\"_wpcf7_locale\" value=\"ro_RO\" \/>\n<input type=\"hidden\" name=\"_wpcf7_unit_tag\" value=\"wpcf7-f211-o1\" \/>\n<input type=\"hidden\" name=\"_wpcf7_container_post\" value=\"0\" \/>\n<input type=\"hidden\" name=\"_wpcf7_posted_data_hash\" value=\"\" \/>\n<\/div>\n<p><label> Numele t\u0103u (obligatoriu)<br \/>\n<span class=\"wpcf7-form-control-wrap\" data-name=\"your-name\"><input size=\"40\" class=\"wpcf7-form-control wpcf7-text wpcf7-validates-as-required\" aria-required=\"true\" aria-invalid=\"false\" value=\"\" type=\"text\" name=\"your-name\" \/><\/span> <\/label>\n<\/p>\n<p><label> Emailul t\u0103u (obligatoriu)<br \/>\n<span class=\"wpcf7-form-control-wrap\" data-name=\"your-email\"><input size=\"40\" class=\"wpcf7-form-control wpcf7-text wpcf7-email wpcf7-validates-as-required wpcf7-validates-as-email\" aria-required=\"true\" aria-invalid=\"false\" value=\"\" type=\"email\" name=\"your-email\" \/><\/span> <\/label>\n<\/p>\n<p><label> Telefon<br \/>\n<span class=\"wpcf7-form-control-wrap\" data-name=\"Telefon\"><input size=\"40\" class=\"wpcf7-form-control wpcf7-text wpcf7-tel wpcf7-validates-as-tel\" aria-invalid=\"false\" placeholder=\"nu e necesar, dar ne ajut\u0103 \u00een comunicarea rapid\u0103\" value=\"\" type=\"tel\" name=\"Telefon\" \/><\/span> <\/label>\n<\/p>\n<p><label> Subiect (obligatoriu)<br \/>\n<span class=\"wpcf7-form-control-wrap\" data-name=\"your-subject\"><input size=\"40\" class=\"wpcf7-form-control wpcf7-text\" aria-invalid=\"false\" value=\"\" type=\"text\" name=\"your-subject\" \/><\/span> <\/label><br \/>\n<span class=\"wpcf7-form-control-wrap\" data-name=\"sunt\"><span class=\"wpcf7-form-control wpcf7-radio\"><span class=\"wpcf7-list-item first\"><span class=\"wpcf7-list-item-label\">P\u0103rinte<\/span><input type=\"radio\" name=\"sunt\" value=\"P\u0103rinte\" checked=\"checked\" \/><\/span><span class=\"wpcf7-list-item\"><span class=\"wpcf7-list-item-label\">Tutore<\/span><input type=\"radio\" name=\"sunt\" value=\"Tutore\" \/><\/span><span class=\"wpcf7-list-item\"><span class=\"wpcf7-list-item-label\">Profesor<\/span><input type=\"radio\" name=\"sunt\" value=\"Profesor\" \/><\/span><span class=\"wpcf7-list-item last\"><span class=\"wpcf7-list-item-label\">altele<\/span><input type=\"radio\" name=\"sunt\" value=\"altele\" \/><\/span><\/span><\/span>\n<\/p>\n<p><label> Mesajul t\u0103u (obligatoriu)<br \/>\n<span class=\"wpcf7-form-control-wrap\" data-name=\"your-message\"><textarea cols=\"40\" rows=\"10\" class=\"wpcf7-form-control wpcf7-textarea\" aria-invalid=\"false\" name=\"your-message\"><\/textarea><\/span> <\/label><br \/>\n<span class=\"wpcf7-form-control-wrap\" data-name=\"acceptare\"><span class=\"wpcf7-form-control wpcf7-acceptance\"><span class=\"wpcf7-list-item\"><label><input type=\"checkbox\" name=\"acceptare\" value=\"1\" aria-invalid=\"false\" \/><span class=\"wpcf7-list-item-label\">Bif\u00e2nd acest c\u00e2mp accep\u021bi Termenii \u0219i condi\u021biile de folosire a acestui website. Detalii despre modul de utilizare al website le g\u0103se\u0219ti \u00een pagina <strong>Politica de confiden\u021bialitate<\/strong>. Te asigur\u0103m c\u0103 nu vom \u00eenstr\u0103ina niciodat\u0103 datele personale pe care le transmi\u021bi.<\/span><\/label><\/span><\/span><\/span><br \/>\n<input class=\"wpcf7-form-control has-spinner wpcf7-submit\" type=\"submit\" value=\"Trimite\" \/>\n<\/p><p style=\"display: none !important;\" class=\"akismet-fields-container\" data-prefix=\"_wpcf7_ak_\"><label>&#916;<textarea name=\"_wpcf7_ak_hp_textarea\" cols=\"45\" rows=\"8\" maxlength=\"100\"><\/textarea><\/label><input type=\"hidden\" id=\"ak_js_1\" name=\"_wpcf7_ak_js\" value=\"239\"\/><script type=\"text\/javascript\">\n\/* <![CDATA[ *\/\ndocument.getElementById( \"ak_js_1\" ).setAttribute( \"value\", ( new Date() ).getTime() );\n\/* ]]> *\/\n<\/script>\n<\/p><div class=\"wpcf7-response-output\" aria-hidden=\"true\"><\/div>\n<\/form>\n<\/div>\n<\/p>\n<hr \/>\n<p style=\"text-align: justify;\">\n","protected":false},"excerpt":{"rendered":"<p>ASOCIA\u021aIA PENTRU EDUCA\u021aIE \u0218I CULTUR\u0102 ADLITTERA (A.E.C.A.) are sediul \u00een\u00a0Bucure\u0219ti, sector 1, Cod 012092, Str. Av. Popi\u0219teanu nr. 3, bl. 2, sc. [&hellip;]<\/p>\n","protected":false},"author":1,"featured_media":78,"parent":0,"menu_order":0,"comment_status":"closed","ping_status":"closed","template":"","meta":{"jetpack_post_was_ever_published":false,"footnotes":""},"class_list":["post-72","page","type-page","status-publish","has-post-thumbnail","hentry"],"jetpack_sharing_enabled":true,"jetpack_shortlink":"https:\/\/wp.me\/PaQ9si-1a","jetpack-related-posts":[{"id":3,"url":"https:\/\/tabereurbane.ro\/despre-tabere-urbane-solidus\/politica-de-confidentialitate\/","url_meta":{"origin":72,"position":0},"title":"Politic\u0103 de confiden\u021bialitate","author":"Solidus' Electric Eye","date":"24 martie 2019","format":false,"excerpt":"Introducere Siteul nostru foloseste cookie-uri pentru optimizarea con\u021binutului si imbun\u0103t\u0103tirea performantei platformei. Continuarea navigarii constituie acceptul dumneavoastr\u0103 ca pagina noastra web s\u0103 poat\u0103 seta fi\u0219iere de tip cookie \u00een browserul pe care-l folosi\u021bi pentru navigarea pe internet. Acest website face parte din portofoliul de proiecte educa\u021bionale ale Asocia\u021biei pentru Educa\u021bie\u2026","rel":"","context":"Articol similar","block_context":{"text":"Articol similar","link":""},"img":{"alt_text":"","src":"","width":0,"height":0},"classes":[]},{"id":272,"url":"https:\/\/tabereurbane.ro\/despre-tabere-urbane-solidus\/covid19\/","url_meta":{"origin":72,"position":1},"title":"COVID19","author":"Solidus' Electric Eye","date":"26 mai 2020","format":false,"excerpt":"Din cauza noului coronavirusului \u0219i a situa\u021biei de pandemie facem eforturi s\u0103 reprogram\u0103m activit\u0103\u021bile deja solicitate. Ast\u0103zi \u201ea fi responsabil\u201d \u00eenseamn\u0103 a limita drastic contactele sociale. Responsabilitatea fiec\u0103ruia face diferen\u021ba. Programele \u201eDinamic\u201d, \u201eClasic\u201d \u0219i \u201eAccent\u201d au fost anulate din cauza restric\u021biilor \u00een perioada pandemiei (SARS-CoV-2) COVID19. Urm\u0103re\u0219te ultimele hot\u0103r\u00e2ri cu\u2026","rel":"","context":"Articol similar","block_context":{"text":"Articol similar","link":""},"img":{"alt_text":"","src":"https:\/\/i0.wp.com\/tabereurbane.ro\/wp-content\/uploads\/2019\/03\/jocuri-accent2.jpg?resize=350%2C200","width":350,"height":200,"srcset":"https:\/\/i0.wp.com\/tabereurbane.ro\/wp-content\/uploads\/2019\/03\/jocuri-accent2.jpg?resize=350%2C200 1x, https:\/\/i0.wp.com\/tabereurbane.ro\/wp-content\/uploads\/2019\/03\/jocuri-accent2.jpg?resize=525%2C300 1.5x, https:\/\/i0.wp.com\/tabereurbane.ro\/wp-content\/uploads\/2019\/03\/jocuri-accent2.jpg?resize=700%2C400 2x"},"classes":[]},{"id":2,"url":"https:\/\/tabereurbane.ro\/despre-tabere-urbane-solidus\/pagin\u0103-exemplu\/","url_meta":{"origin":72,"position":2},"title":"Pagin\u0103 exemplu","author":"Solidus' Electric Eye","date":"24 martie 2019","format":false,"excerpt":"Aceasta este o pagin\u0103 exemplu. Este diferit\u0103 de un articol de blog deoarece ea va r\u0103m\u00e2ne \u00eentr-un singur loc \u0219i va ap\u0103rea \u00een navigarea pe situl t\u0103u (\u00een majoritatea temelor). Foarte multe persoane \u00eencep cu o pagin\u0103 Despre \u00een care se prezint\u0103 poten\u021bialilor vizitatori ai sitului. Ar putea spune ceva\u2026","rel":"","context":"Articol similar","block_context":{"text":"Articol similar","link":""},"img":{"alt_text":"","src":"","width":0,"height":0},"classes":[]},{"id":262,"url":"https:\/\/tabereurbane.ro\/despre-tabere-urbane-solidus\/","url_meta":{"origin":72,"position":3},"title":"Despre \u201eTabere Urbane Solidus\u201d","author":"Solidus' Electric Eye","date":"26 mai 2020","format":false,"excerpt":"Activit\u0103\u021bile de var\u0103 \u0219i unele comportamente sedentare influen\u021beaz\u0103 negativ percep\u021bia copiilor despre vacan\u021b\u0103. \u00cen urma unui studiu efectuat pe un e\u0219antion reprezentativ 9-16 ani, la nivel local (Bucure\u0219ti), \u00een perioada vacan\u021bei de var\u0103 2017 \u0219i actualizat \u00een 2018 s-au constatat trei tipuri de comportamente A) sedentar B) semi-activ, f\u0103r\u0103 obiective\u2026","rel":"","context":"Articol similar","block_context":{"text":"Articol similar","link":""},"img":{"alt_text":"","src":"","width":0,"height":0},"classes":[]},{"id":6,"url":"https:\/\/tabereurbane.ro\/despre-tabere-urbane-solidus\/pagina-de-garda\/","url_meta":{"origin":72,"position":4},"title":"Bun g\u0103sit!","author":"Solidus' Electric Eye","date":"25 martie 2019","format":false,"excerpt":"Asocia\u021bia pentru Educa\u021bie \u0219i Cultur\u0103 AdLittera\u00a0(AECA) ofer\u0103 un tur itinerant al capitalei, de luni p\u00e2n\u0103 vineri (inclusiv), de diminea\u021ba p\u00e2n\u0103 seara, av\u00e2nd un program plin de activit\u0103\u021bi creative \u0219i vizite \u00een cele mai reprezentative repere culturale bucure\u0219tene, altern\u00e2nd cu vizite \u00een spa\u021bii de recreere activ\u0103. AdLittera propune copiilor cu v\u00e2rste\u2026","rel":"","context":"Articol similar","block_context":{"text":"Articol similar","link":""},"img":{"alt_text":"","src":"https:\/\/i0.wp.com\/tabereurbane.ro\/wp-content\/uploads\/2019\/03\/jocuri-accent2.jpg?fit=1024%2C576&ssl=1&resize=350%2C200","width":350,"height":200,"srcset":"https:\/\/i0.wp.com\/tabereurbane.ro\/wp-content\/uploads\/2019\/03\/jocuri-accent2.jpg?fit=1024%2C576&ssl=1&resize=350%2C200 1x, https:\/\/i0.wp.com\/tabereurbane.ro\/wp-content\/uploads\/2019\/03\/jocuri-accent2.jpg?fit=1024%2C576&ssl=1&resize=525%2C300 1.5x, https:\/\/i0.wp.com\/tabereurbane.ro\/wp-content\/uploads\/2019\/03\/jocuri-accent2.jpg?fit=1024%2C576&ssl=1&resize=700%2C400 2x"},"classes":[]},{"id":395,"url":"https:\/\/tabereurbane.ro\/despre-tabere-urbane-solidus\/arte-scenice\/","url_meta":{"origin":72,"position":5},"title":"Arte scenice","author":"Solidus' Electric Eye","date":"30 mai 2020","format":false,"excerpt":"Programul \u201eArte scenice\u201d urm\u0103re\u0219te s\u0103 ating\u0103 obiectivele specifice dezvolt\u0103rii personalit\u0103\u021bii \u0219i a abilit\u0103\u021bilor de comunicare, precum \u0219i combaterea timidit\u0103\u021bii \u0219i a fricii de e\u0219ec. Jocurile de improviza\u021bie vor dezvolta aten\u021bia, capacitata de memorare, motricitatea, flexibilitatea \u00een g\u00e2ndire \u0219i viteza de reac\u021bie. Tab\u0103r\u0103 urban\u0103 de 5 zile V\u00e2rst\u0103: 7-12 ani Program\u2026","rel":"","context":"Articol similar","block_context":{"text":"Articol similar","link":""},"img":{"alt_text":"","src":"https:\/\/i0.wp.com\/tabereurbane.ro\/wp-content\/uploads\/2019\/03\/jocuri-dinamic.jpg?fit=1024%2C576&ssl=1&resize=350%2C200","width":350,"height":200,"srcset":"https:\/\/i0.wp.com\/tabereurbane.ro\/wp-content\/uploads\/2019\/03\/jocuri-dinamic.jpg?fit=1024%2C576&ssl=1&resize=350%2C200 1x, https:\/\/i0.wp.com\/tabereurbane.ro\/wp-content\/uploads\/2019\/03\/jocuri-dinamic.jpg?fit=1024%2C576&ssl=1&resize=525%2C300 1.5x, https:\/\/i0.wp.com\/tabereurbane.ro\/wp-content\/uploads\/2019\/03\/jocuri-dinamic.jpg?fit=1024%2C576&ssl=1&resize=700%2C400 2x"},"classes":[]}],"_links":{"self":[{"href":"https:\/\/tabereurbane.ro\/despre-tabere-urbane-solidus\/wp-json\/wp\/v2\/pages\/72","targetHints":{"allow":["GET"]}}],"collection":[{"href":"https:\/\/tabereurbane.ro\/despre-tabere-urbane-solidus\/wp-json\/wp\/v2\/pages"}],"about":[{"href":"https:\/\/tabereurbane.ro\/despre-tabere-urbane-solidus\/wp-json\/wp\/v2\/types\/page"}],"author":[{"embeddable":true,"href":"https:\/\/tabereurbane.ro\/despre-tabere-urbane-solidus\/wp-json\/wp\/v2\/users\/1"}],"replies":[{"embeddable":true,"href":"https:\/\/tabereurbane.ro\/despre-tabere-urbane-solidus\/wp-json\/wp\/v2\/comments?post=72"}],"version-history":[{"count":19,"href":"https:\/\/tabereurbane.ro\/despre-tabere-urbane-solidus\/wp-json\/wp\/v2\/pages\/72\/revisions"}],"predecessor-version":[{"id":489,"href":"https:\/\/tabereurbane.ro\/despre-tabere-urbane-solidus\/wp-json\/wp\/v2\/pages\/72\/revisions\/489"}],"wp:featuredmedia":[{"embeddable":true,"href":"https:\/\/tabereurbane.ro\/despre-tabere-urbane-solidus\/wp-json\/wp\/v2\/media\/78"}],"wp:attachment":[{"href":"https:\/\/tabereurbane.ro\/despre-tabere-urbane-solidus\/wp-json\/wp\/v2\/media?parent=72"}],"curies":[{"name":"wp","href":"https:\/\/api.w.org\/{rel}","templated":true}]}}